{"id":10626,"date":"2020-09-17T10:48:01","date_gmt":"2020-09-17T08:48:01","guid":{"rendered":"http:\/\/www.motoclubcascinetta.it\/?page_id=10626"},"modified":"2020-10-08T14:59:11","modified_gmt":"2020-10-08T12:59:11","slug":"guida-sicura-in-gruppo","status":"publish","type":"page","link":"https:\/\/www.motoclubcascinetta.it\/?page_id=10626","title":{"rendered":"Guida Sicura in Gruppo"},"content":{"rendered":"\n<div class=\"wp-block-file\"><a href=\"http:\/\/www.motoclubcascinetta.it\/wp-content\/uploads\/2020\/09\/Guida-sicura-in-gruppo.pdf\">Guida-sicura-in-gruppo<\/a><a href=\"http:\/\/www.motoclubcascinetta.it\/wp-content\/uploads\/2020\/09\/Guida-sicura-in-gruppo.pdf\" class=\"wp-block-file__button\" download>Download<\/a><\/div>\n\n\n\n<figure class=\"wp-block-image size-large\"><img loading=\"lazy\" decoding=\"async\" width=\"1024\" height=\"593\" src=\"http:\/\/www.motoclubcascinetta.it\/wp-content\/uploads\/2020\/09\/DSC_0361-1024x593.jpg\" alt=\"\" class=\"wp-image-10629\" srcset=\"https:\/\/www.motoclubcascinetta.it\/wp-content\/uploads\/2020\/09\/DSC_0361-1024x593.jpg 1024w, https:\/\/www.motoclubcascinetta.it\/wp-content\/uploads\/2020\/09\/DSC_0361-300x174.jpg 300w, https:\/\/www.motoclubcascinetta.it\/wp-content\/uploads\/2020\/09\/DSC_0361-768x445.jpg 768w, https:\/\/www.motoclubcascinetta.it\/wp-content\/uploads\/2020\/09\/DSC_0361-1536x890.jpg 1536w, https:\/\/www.motoclubcascinetta.it\/wp-content\/uploads\/2020\/09\/DSC_0361-2048x1187.jpg 2048w, https:\/\/www.motoclubcascinetta.it\/wp-content\/uploads\/2020\/09\/DSC_0361-500x290.jpg 500w\" sizes=\"auto, (max-width: 1024px) 100vw, 1024px\" \/><\/figure>\n\n\n\n<figure class=\"wp-block-pullquote has-background has-blue-background-color is-style-default\"><blockquote class=\"has-text-color has-white-color\"><p>Esiste una sostanziale differenza fra scorrazzare con gli amici e guidare in gruppo.<\/p><cite><span style=\"color:#fff\" class=\"tadv-color\">Ogni Moto Club promuove le proprie attivit\u00e0 motociclistiche facendo s\u00ec che tutti i partecipanti si sentano sicuri e a proprio agio durante le gite. Per fare ci\u00f2 \u00e8 doveroso per il nostro Moto Club creare le condizioni necessarie affinch\u00e9 chi decida di avvicinarsi al gruppo conosca il \u201clinguaggio gestuale\u201d utilizzato dai membri del gruppo stesso durante la percorrenza, e le regole base della sicurezza nella guida di un motociclo e nell&#8217;attenzione al Codice della strada.<\/span><\/cite><\/blockquote><\/figure>\n","protected":false},"excerpt":{"rendered":"<p>Esiste una sostanziale differenza fra scorrazzare con gli amici e guidare in gruppo. Ogni Moto Club promuove le proprie attivit\u00e0 motociclistiche facendo s\u00ec che tutti i partecipanti si sentano sicuri e a proprio agio durante le gite. Per fare ci\u00f2 &hellip; <a href=\"https:\/\/www.motoclubcascinetta.it\/?page_id=10626\">Continua a leggere<span class=\"meta-nav\">&rarr;<\/span><\/a><\/p>\n","protected":false},"author":1,"featured_media":10799,"parent":0,"menu_order":0,"comment_status":"closed","ping_status":"closed","template":"","meta":{"_eb_attr":"","ngg_post_thumbnail":0,"footnotes":""},"class_list":["post-10626","page","type-page","status-publish","has-post-thumbnail","hentry"],"_links":{"self":[{"href":"https:\/\/www.motoclubcascinetta.it\/index.php?rest_route=\/wp\/v2\/pages\/10626","targetHints":{"allow":["GET"]}}],"collection":[{"href":"https:\/\/www.motoclubcascinetta.it\/index.php?rest_route=\/wp\/v2\/pages"}],"about":[{"href":"https:\/\/www.motoclubcascinetta.it\/index.php?rest_route=\/wp\/v2\/types\/page"}],"author":[{"embeddable":true,"href":"https:\/\/www.motoclubcascinetta.it\/index.php?rest_route=\/wp\/v2\/users\/1"}],"replies":[{"embeddable":true,"href":"https:\/\/www.motoclubcascinetta.it\/index.php?rest_route=%2Fwp%2Fv2%2Fcomments&post=10626"}],"version-history":[{"count":1,"href":"https:\/\/www.motoclubcascinetta.it\/index.php?rest_route=\/wp\/v2\/pages\/10626\/revisions"}],"predecessor-version":[{"id":10816,"href":"https:\/\/www.motoclubcascinetta.it\/index.php?rest_route=\/wp\/v2\/pages\/10626\/revisions\/10816"}],"wp:featuredmedia":[{"embeddable":true,"href":"https:\/\/www.motoclubcascinetta.it\/index.php?rest_route=\/wp\/v2\/media\/10799"}],"wp:attachment":[{"href":"https:\/\/www.motoclubcascinetta.it\/index.php?rest_route=%2Fwp%2Fv2%2Fmedia&parent=10626"}],"curies":[{"name":"wp","href":"https:\/\/api.w.org\/{rel}","templated":true}]}}