{"id":5706,"date":"2018-05-17T14:52:42","date_gmt":"2018-05-17T12:52:42","guid":{"rendered":"http:\/\/www.motoclubcascinetta.it\/?page_id=5706"},"modified":"2020-10-07T11:31:09","modified_gmt":"2020-10-07T09:31:09","slug":"statuto","status":"publish","type":"page","link":"https:\/\/www.motoclubcascinetta.it\/?page_id=5706","title":{"rendered":"Statuto"},"content":{"rendered":"<p><a href=\"http:\/\/www.motoclubcascinetta.it\/wp-content\/uploads\/2018\/05\/Statuto-2016.pdf\">Statuto 2016<\/a><\/p>\n<p><strong>Articolo 1 &#8211; Denominazione e sede<\/strong><\/p>\n<p>E&#8217; costituita in Gallarate Via Ristori n 2\/a una associazione sportiva, ai sensi degli articoli 36 e seguenti del Codice Civile denominata: \u201cMoto Club Cascinetta di Gallarate associazione sportiva dilettantistica\u201d.<\/p>\n<p><strong>&nbsp;<\/strong><\/p>\n<p><strong>Articolo 2 \u2013 Scopo<\/strong><\/p>\n<ol>\n<li>L&#8217;associazione \u00e8 apolitica e non ha scopo di lucro. Durante la vita dell\u2019associazione non potranno essere distribuiti, anche in modo indiretto o differito, avanzi di gestione nonch\u00e9 fondi, riserve o capitale.<\/li>\n<li>Essa, conseguito il riconoscimento ai fini sportivi da parte del Coni e\/o FSN e\/o DSA e\/o EPS se da questo delegate, ha per finalit\u00e0 lo sviluppo e la diffusione di attivit\u00e0 sportive connesse alla disciplina del motociclismo, sia turistico che sportivo, intese come mezzo di formazione psico-fisica e morale dei soci, mediante la gestione di ogni forma di attivit\u00e0 agonistica, ricreativa o di ogni altro tipo di attivit\u00e0 motoria e non, idonea a promuovere la conoscenza e la pratica della citata disciplina, compresa l\u2019organizzazione l\u2019organizzazione e\/o la partecipazione a rievocazioni storiche anche di circuiti cittadini italiani e\/o stranieri.<\/li>\n<\/ol>\n<p>Per il miglior raggiungimento degli scopi sociali, l&#8217;associazione potr\u00e0, tra l&#8217;altro, svolgere l&#8217;attivit\u00e0 di gestione, conduzione, manutenzione ordinaria di impianti ed attrezzature sportive abilitate alla pratica degli sport motoristici, nonch\u00e9 lo svolgimento di attivit\u00e0 didattica per l\u2019avvio, l\u2019aggiornamento e il perfezionamento nello svolgimento della pratica sportiva delle discipline sopra indicate. Nella propria sede, sussistendone i presupposti, l\u2019associazione potr\u00e0 svolgere attivit\u00e0 ricreativa in favore dei propri soci, ivi compresa, se del caso, la gestione di un posto di ristoro.<\/p>\n<ol start=\"3\">\n<li>L\u2019associazione ha altres\u00ec la finalit\u00e0 di prestare la propria attivit\u00e0 in favore di persone svantaggiate, di ogni et\u00e0, tra le quali anziani e\/o disabili; nonch\u00e9 di prestare assistenza sociale e\/o socio-sanitaria ai soggetti di cui sopra.<\/li>\n<\/ol>\n<p>4 L&#8217;associazione \u00e8 altres\u00ec caratterizzata dalla democraticit\u00e0 della struttura, dall\u2019uguaglianza dei diritti di tutti gli associati, dall&#8217;elettivit\u00e0 delle cariche associative; si deve avvalere prevalentemente di prestazioni volontarie, personali e gratuite dei propri aderenti e non pu\u00f2 assumere lavoratori dipendenti o avvalersi di prestazioni di lavoro autonomo se non per assicurare il regolare funzionamento delle strutture o qualificare e specializzare le sue attivit\u00e0.<\/p>\n<p>5 L&#8217;associazione accetta incondizionatamente di conformarsi alle norme e alle direttive del Coni, nonch\u00e9 agli statuti e ai regolamenti della FSN e\/o DSA e\/o EPS al fine di ottenere il riconoscimento di cui al comma 2 del presente articolo; s\u2019impegna ad accettare eventuali provvedimenti disciplinari, che gli organi competenti della federazione dovessero adottare a suo carico, nonch\u00e9 le decisioni che le autorit\u00e0 federali dovessero prendere in tutte le vertenze di carattere tecnico e disciplinare attinenti all&#8217;attivit\u00e0 sportiva.<\/p>\n<p>6 Costituiscono quindi parte integrante del presente statuto le norme dello statuto e dei regolamenti federali nella parte relativa all&#8217;organizzazione o alla gestione delle societ\u00e0 affiliate.<\/p>\n<p>7 L&#8217;associazione s\u2019impegna a favorire il diritto di voto dei propri atleti tesserati e tecnici nell\u2019ambito delle assemblee di settore federali.<\/p>\n<p><strong>&nbsp;<\/strong><\/p>\n<p><strong>Articolo 3 &#8211; Durata<\/strong><\/p>\n<p>La durata del l&#8217;associazione \u00e8 illimitata e la stessa potr\u00e0 essere sciolta solo con delibera dell&#8217;Assemblea straordinaria degli associati.<\/p>\n<p><strong>&nbsp;<\/strong><\/p>\n<p><strong>Articolo 4 &#8211; Domanda di ammissione<\/strong><\/p>\n<ol>\n<li>Possono far parte dell&#8217;associazione, in qualit\u00e0 di soci solo le persone fisiche che partecipano alle attivit\u00e0 sociali sia ricreative che sportive svolte dall\u2019associazione e che ne facciano richiesta e che siano dotati di una irreprensibile condotta morale, civile e sportiva.<\/li>\n<\/ol>\n<p>Ai fini sportivi per irreprensibile condotta deve intendersi a titolo esemplificativo e non limitativo una condotta conforme ai principi della lealt\u00e0, della probit\u00e0 e della rettitudine sportiva in ogni rapporto collegato all\u2019attivit\u00e0 sportiva, con l\u2019obbligo di astenersi da ogni forma d\u2019illecito sportivo e da qualsivoglia indebita esternazione pubblica lesiva della dignit\u00e0, del decoro e del prestigio dell\u2019associazione, della Federazione Motociclistica Italiana e dei suoi organi. Viene espressamente escluso ogni limite sia temporale che operativo al rapporto associativo medesimo e ai diritti che ne derivano.<\/p>\n<ol start=\"2\">\n<li>Tutti coloro i quali intendono far parte del l&#8217;associazione dovranno redigere una domanda su apposito modulo.<\/li>\n<li>La validit\u00e0 della qualit\u00e0 di socio efficacemente conseguita all&#8217;atto di presentazione della domanda di ammissione potr\u00e0 essere sospesa da parte del Consiglio Direttivo il cui giudizio deve sempre essere motivato e contro la cui decisione \u00e8 ammesso appello all\u2019Assemblea generale.<\/li>\n<li>In caso di domanda di ammissione a socio presentate da minorenni le stesse dovranno essere controfirmate dall&#8217;esercente la potest\u00e0 parentale. Il genitore che sottoscrive la domanda rappresenta il minore a tutti gli effetti nei confronti dell\u2019associazione e risponde verso la stessa per tutte le obbligazioni dell\u2019associato minorenne.<\/li>\n<li>La quota associativa non pu\u00f2 essere trasferita a terzi o rivalutata.<\/li>\n<li>Il Moto club dovr\u00e0 tesserare a propria scelta ad una FSN e\/o DSA e\/o EPS tutti i propri soci.<\/li>\n<\/ol>\n<p><strong>&nbsp;<\/strong><\/p>\n<p><strong>Articolo 5 &#8211; Diritti dei soci<\/strong><\/p>\n<ol>\n<li>Tutti i soci maggiorenni godono, al momento dell&#8217;ammissione, del diritto di partecipazione nelle assemblee sociali nonch\u00e9 dell&#8217;elettorato attivo e passivo. Tale diritto verr\u00e0 automaticamente acquisito dal socio minorenne alla prima Assemblea utile svoltasi dopo il raggiungimento della maggiore et\u00e0.<\/li>\n<li>Al socio maggiorenne \u00e8 altres\u00ec riconosciuto il diritto a ricoprire cariche sociali all\u2019interno dell\u2019associazione nel rispetto tassativo dei requisiti di cui al comma 2 del successivo art. 13.<\/li>\n<li>La qualifica di socio da diritto a frequentare le iniziative indette dal Consiglio Direttivo e la sede sociale, secondo le modalit\u00e0 stabilite nell&#8217;apposito regolamento.<\/li>\n<\/ol>\n<p><strong>&nbsp;<\/strong><\/p>\n<p><strong>Articolo 6 &#8211; Decadenza dei soci<\/strong><\/p>\n<ol>\n<li>I soci cessano di appartenere all&#8217;associazione nei seguenti casi:<\/li>\n<li>dimissione volontaria;<\/li>\n<li>morosit\u00e0 protrattasi per oltre due mesi dalla scadenza del versamento richiesto della quota associativa;<\/li>\n<li>radiazione deliberata dalla maggioranza assoluta dei componenti il Consiglio Direttivo, pronunciata contro il socio che commette azioni ritenute disonorevoli entro e fuori del l&#8217;associazione, o che, con la sua condotta, costituisce ostacolo al buon andamento del sodalizio;<\/li>\n<li>scioglimento dell\u2019associazione ai sensi dell\u2019art. 25 del presente statuto.<\/li>\n<li>Il provvedimento di radiazione di cui alla precedente lettera c), assunto dal Consiglio Direttivo deve essere ratificato dall&#8217;Assemblea ordinaria. Nel corso di tale Assemblea, alla quale deve essere convocato il socio interessato, si proceder\u00e0 in contraddittorio con l\u2019interessato a una disamina degli addebiti. Il provvedimento di radiazione rimane sospeso fino alla data di svolgimento dell\u2019Assemblea.<\/li>\n<li>L&#8217;associato radiato non pu\u00f2 essere pi\u00f9 ammesso.<\/li>\n<\/ol>\n<p><strong>&nbsp;<\/strong><\/p>\n<p><strong>Articolo 7 &#8211; Organi<\/strong><\/p>\n<p>1Gli organi sociali sono:<\/p>\n<ol>\n<li>a) l&#8217;Assemblea generale dei soci;<\/li>\n<li>b) il Presidente;<\/li>\n<li>c) il Consiglio Direttivo.<\/li>\n<\/ol>\n<p><strong>&nbsp;<\/strong><\/p>\n<p><strong>Articolo 8 &#8211; Funzionamento dell\u2019Assemblea<\/strong><\/p>\n<ol>\n<li>L&#8217;Assemblea generale dei soci \u00e8 il massimo organo deliberativo dell&#8217;associazione ed \u00e8 convocata in sessioni ordinarie e straordinarie. Quando \u00e8 regolarmente convocata e costituita rappresenta l\u2019universalit\u00e0 degli associati e le deliberazioni da essa legittimamente adottate obbligano tutti gli associati, anche se non intervenuti o dissenzienti.<\/li>\n<li>La convocazione dell\u2019Assemblea straordinaria potr\u00e0 essere richiesta al Consiglio Direttivo da almeno la met\u00e0 pi\u00f9 uno degli associati in regola con il pagamento delle quote associative all\u2019atto della richiesta che ne propongono l\u2019ordine del giorno. In tal caso la convocazione \u00e8 atto dovuto da parte del Consiglio Direttivo. La convocazione dell\u2019Assemblea straordinaria potr\u00e0 essere richiesta anche dalla met\u00e0 pi\u00f9 uno dei componenti il Consiglio Direttivo.<\/li>\n<li>L\u2019Assemblea dovr\u00e0 essere convocata presso la sede del l\u2019associazione o, comunque, in luogo limitrofo idoneo a garantire la massima partecipazione degli associati.<\/li>\n<li>Le Assemblee sono presiedute dal Presidente del Consiglio Direttivo, in caso di sua assenza o impedimento, da una delle persone legittimamente intervenute all\u2019Assemblea ed eletta dalla maggioranza dei presenti.<\/li>\n<li>L\u2019Assemblea nomina un Segretario e, se necessario, due scrutatori. Nell\u2019Assemblea con funzione elettiva in ordine alla designazione delle cariche sociali, \u00e8 fatto divieto di nominare tra i soggetti con funzioni di scrutatori, i candidati alle medesime cariche.<\/li>\n<li>L\u2019assistenza del Segretario non \u00e8 necessaria quando il verbale dell\u2019Assemblea sia redatto da un notaio.<\/li>\n<li>Il Presidente dirige e regola le discussioni e stabilisce le modalit\u00e0 e l\u2019ordine delle votazioni.<\/li>\n<li>Di ogni Assemblea si dovr\u00e0 redigere apposito verbale firmato dal Presidente della stessa, dal Segretario e, se nominati, dai due scrutatori. Copia dello stesso deve essere messo a disposizione di tutti gli associati con le formalit\u00e0 ritenute pi\u00f9 idonee dal Consiglio Direttivo a garantirne la massima diffusione.<\/li>\n<\/ol>\n<p><strong>&nbsp;<\/strong><\/p>\n<p><strong>Articolo 9 &#8211; Diritti di partecipazione<\/strong><\/p>\n<ol>\n<li>Potranno prendere parte alle Assemblee ordinarie e straordinarie dell&#8217;associazione i soli soci in regola con il versamento della quota annua e non soggetti a provvedimenti disciplinari in corso di esecuzione. Avranno diritto di voto solo gli associati maggiorenni. Il Consiglio Direttivo deliberer\u00e0 l\u2019elenco degli associati aventi diritto di voto. Contro tale decisione \u00e8 ammesso appello all\u2019Assemblea da presentarsi prima dello svolgimento della stessa.<\/li>\n<li>Ogni socio pu\u00f2 rappresentare in Assemblea, per mezzo di delega scritta, non pi\u00f9 di un associato.<\/li>\n<\/ol>\n<p><strong>&nbsp;<\/strong><\/p>\n<p><strong>Articolo 10 &#8211; Assemblea ordinaria<\/strong><\/p>\n<ol>\n<li>La convocazione dell&#8217;Assemblea ordinaria avverr\u00e0 minimo otto giorni prima mediante affissione di avviso nella sede dell&#8217;associazione e contestuale comunicazione agli associati a mezzo posta ordinaria, elettronica, fax o telegramma. Nella convocazione dell\u2019Assemblea devono essere indicati il giorno, il luogo e l\u2019ora dell\u2019adunanza e l\u2019elenco delle materie da trattare.<\/li>\n<li>L&#8217;Assemblea deve essere indetta a cura del Consiglio Direttivo e convocata dal Presidente, almeno una volta all&#8217;anno, entro quattro mesi dalla chiusura dell\u2019esercizio sociale per l&#8217;approvazione del bilancio consuntivo e per l&#8217;esame del bilancio preventivo.<\/li>\n<li>Spetta all&#8217;Assemblea deliberare sugli indirizzi e sulle direttive generali dell\u2019associazione nonch\u00e9 in merito all\u2019approvazione dei regolamenti sociali, per la nomina degli organi Direttivi dell&#8217;associazione e su tutti gli argomenti attinenti alla vita ed ai rapporti dell\u2019associazione che non rientrino nella competenza dell\u2019Assemblea straordinaria e che siano legittimamente sottoposti al suo esame ai sensi del precedente art. 8, comma 2.<\/li>\n<\/ol>\n<p><strong>&nbsp;<\/strong><\/p>\n<p><strong>Articolo &#8211; 11 Validit\u00e0 Assembleare<\/strong><\/p>\n<ol>\n<li>L&#8217;Assemblea ordinaria \u00e8 validamente costituita in prima convocazione con la presenza della maggioranza assoluta degli associati aventi diritto di voto e delibera validamente con voto favorevole della maggioranza dei presenti. Ogni socio ha diritto ad un voto.<\/li>\n<li>L&#8217;Assemblea straordinaria in prima convocazione \u00e8 validamente costituita quando sono presenti due terzi degli associati aventi diritto di voto e delibera con il voto favorevole della maggioranza dei presenti.<\/li>\n<li>Trascorsa un\u2019ora dalla prima convocazione tanto l&#8217;Assemblea ordinaria che l&#8217;Assemblea straordinaria saranno validamente costituite qualunque sia il numero degli associati intervenuti e delibera con il voto dei presenti. Ai sensi dell\u2019articolo 21 del Codice Civile per deliberare lo scioglimento dell\u2019associazione e la devoluzione del patrimonio occorre il voto favorevole di almeno i 3\/4 degli associati.<\/li>\n<\/ol>\n<p><strong>&nbsp;<\/strong><\/p>\n<p><strong>Articolo 12 &#8211; Assemblea straordinaria<\/strong><\/p>\n<ol>\n<li>L\u2019Assemblea straordinaria deve essere convocata dal Consiglio Direttivo almeno 15 giorni prima dell\u2019adunanza mediante affissione d\u2019avviso nella sede dell&#8217;associazione e contestuale comunicazione agli associati a mezzo posta ordinaria, elettronica, fax o telegramma. Nella convocazione dell\u2019Assemblea devono essere indicati il giorno, il luogo e<\/li>\n<\/ol>\n<p>l\u2019ora dell\u2019adunanza e l\u2019elenco delle materie da trattare.<\/p>\n<ol start=\"2\">\n<li>L\u2019Assemblea straordinaria delibera sulle seguenti materie: approvazione e modificazione dello statuto sociale; atti e contratti relativi a diritti reali immobiliari, designazione e sostituzione degli organi sociali elettivi qualora la decadenza di questi ultimi sia tale da compromettere il funzionamento e la gestione dell\u2019associazione, scioglimento dell\u2019associazione e modalit\u00e0 di liquidazione.<\/li>\n<\/ol>\n<p><strong>&nbsp;<\/strong><\/p>\n<p><strong>Articolo 13 &#8211; Consiglio Direttivo<\/strong><\/p>\n<ol>\n<li>Il Consiglio Direttivo \u00e8 composto da un numero variabile da 5 a 15 componenti, determinato, di volta in volta, dall\u2019Assemblea dei soci ed eletti, compreso il Presidente, dall&#8217;Assemblea stessa. Il Consiglio Direttivo nel proprio ambito nomina il Vicepresidente ed il Segretario con funzioni di tesoriere. Il Consiglio Direttivo rimane in carica quattro anni ed i suoi componenti sono rieleggibili. Le deliberazioni verranno adottate a maggioranza. In caso di parit\u00e0 prevarr\u00e0 il voto del Presidente.<\/li>\n<li>Possono ricoprire cariche sociali i soli soci, regolarmente tesserati alla FSN e\/o DSA e\/o EPS, in regola con il pagamento delle quote associative che siano maggiorenni, non ricoprano cariche sociali in altre societ\u00e0 ed associazioni sportive dilettantistiche nell\u2019ambito delle FSN e\/o DSA e\/o EPS, non abbiano riportato condanne passate in giudicato per delitti non colposi e non siano stati assoggettati da parte del Coni o di una qualsiasi delle altre Federazioni Sportive Nazionali ad esso aderenti a squalifiche o sospensioni per periodi complessivamente intesi superiori ad un anno.<\/li>\n<li>Il Consiglio Direttivo \u00e8 validamente costituito con la presenza della maggioranza dei consiglieri in carica e delibera validamente con il voto favorevole della maggioranza dei presenti.<\/li>\n<li>In caso di parit\u00e0 il voto del Presidente \u00e8 determinante.<\/li>\n<li>Le deliberazioni del Consiglio, per la loro validit\u00e0, devono risultare da un verbale sottoscritto da chi ha presieduto la riunione e dal Segretario. Lo stesso deve essere messo a disposizione di tutti gli associati con le formalit\u00e0 ritenute pi\u00f9 idonee dal Consiglio Direttivo atte a garantirne la massima diffusione.<\/li>\n<\/ol>\n<p>L\u2019Assemblea dei Soci pu\u00f2 nominare, fra i medesimi, un Presidente onorario, per particolari meriti rispondenti agli scopi associativi. Il Presidente onorario non ha la rappresentanza dell\u2019Associazione n\u00e9 poteri, pu\u00f2 partecipare, senza diritto di voto, alle riunioni del Comitato Direttivo.<\/p>\n<p><strong>&nbsp;<\/strong><\/p>\n<p><strong>Articolo 14 &#8211; Dimissioni<\/strong><\/p>\n<ol>\n<li>Nel caso che per qualsiasi ragione, durante il corso dell&#8217;esercizio venissero a mancare uno o pi\u00f9 Consiglieri che non superino la met\u00e0 del Consiglio, i rimanenti provvederanno alla integrazione del Consiglio con il subentro del primo candidato in ordine di votazioni, alla carica di Consigliere non eletto, a condizione che abbia riportato almeno la met\u00e0 delle votazioni conseguite dall\u2019ultimo Consigliere effettivamente eletto. Ove non vi siano candidati che abbiano tali caratteristiche, il Consiglio proseguir\u00e0 carente dei suoi componenti fino alla prima Assemblea utile dove si proceder\u00e0 alle votazioni per surrogare i mancanti che resteranno in carica fino alla scadenza dei Consiglieri sostituiti.<\/li>\n<li>Nel caso di dimissioni o impedimento del Presidente del Consiglio Direttivo a svolgere i suoi compiti, le relative funzioni saranno svolte dal Vice-Presidente fino alla nomina del nuovo Presidente che dovr\u00e0 aver luogo alla prima Assemblea utile successiva.<\/li>\n<li>Il Consiglio Direttivo dovr\u00e0 considerarsi decaduto e non pi\u00f9 in carica qualora per dimissioni o per qualsiasi altra causa venga a perdere la maggioranza dei suoi componenti, compreso il Presidente. Al verificarsi di tale evento dovr\u00e0 essere convocata immediatamente e senza ritardo l\u2019Assemblea ordinaria per la nomina del nuovo Consiglio Direttivo. Fino alla sua nuova costituzione e limitatamente agli affari urgenti e alla gestione dell\u2019amministrazione ordinaria dell\u2019associazione, le funzioni saranno svolte dal Consiglio Direttivo decaduto.<\/li>\n<\/ol>\n<p><strong>&nbsp;<\/strong><\/p>\n<p><strong>Articolo 15 &#8211; Convocazione Direttivo<\/strong><\/p>\n<p>Il Consiglio Direttivo si riunisce ogni qualvolta il Presidente lo ritenga necessario, oppure se ne sia fatta richiesta da almeno la met\u00e0 dei Consiglieri, senza formalit\u00e0.<\/p>\n<p><strong>&nbsp;<\/strong><\/p>\n<p><strong>Articolo 16 &#8211; Compiti del Consiglio Direttivo<\/strong><\/p>\n<p>Sono compiti del Consiglio Direttivo:<\/p>\n<ol>\n<li>a) deliberare sulle domande di ammissione dei soci;<\/li>\n<li>b) redigere il bilancio preventivo e quello consuntivo da sottoporre all&#8217;Assemblea;<\/li>\n<li>c) fissare le date delle Assemblee ordinarie dei soci da indire almeno una volta all&#8217;anno e convocare l&#8217;Assemblea straordinaria nel rispetto dei quorum di cui all\u2019art. 8, comma 2;<\/li>\n<li>d) redigere gli eventuali regolamenti interni relativi all&#8217;attivit\u00e0 sociale da sottoporre all&#8217;approvazione dell&#8217;Assemblea degli associati;<\/li>\n<li>e) adottare i provvedimenti di radiazione verso i soci qualora si dovessero rendere necessari;<\/li>\n<li>f) attuare le finalit\u00e0 previste dallo statuto e l\u2019attuazione delle decisioni dell\u2019Assemblea dei soci.<\/li>\n<\/ol>\n<p><strong>&nbsp;<\/strong><\/p>\n<p><strong>Articolo 17 &#8211; Il Presidente<\/strong><\/p>\n<p>Il Presidente dirige l\u2019associazione e ne controlla il funzionamento nel rispetto dell\u2019autonomia degli altri organi sociali, ne \u00e8 il legale rappresentante in ogni evenienza.<\/p>\n<p><strong>&nbsp;<\/strong><\/p>\n<p><strong>Articolo 18 &#8211; Il Vicepresidente<\/strong><\/p>\n<p>Il Vicepresidente sostituisce il Presidente in caso di sua assenza o impedimento temporaneo ed in quelle mansioni nelle quali venga espressamente delegato.<\/p>\n<p><strong>&nbsp;<\/strong><\/p>\n<p><strong>Articolo 19 &#8211; Il Segretario<\/strong><\/p>\n<p>Il Segretario d\u00e0 esecuzioni alle deliberazioni del Presidente e del Consiglio Direttivo, redige i verbali delle riunioni, attende alla corrispondenza e come tesoriere cura l&#8217;amministrazione dell&#8217;associazione e si incarica della tenuta dei libri contabili nonch\u00e9 delle riscossioni e dei pagamenti da effettuarsi previo mandato del Consiglio Direttivo.<\/p>\n<p><strong>Articolo 20 &#8211; Il Rendiconto<\/strong><\/p>\n<ol>\n<li>Il Consiglio Direttivo redige il bilancio dell\u2019associazione, sia preventivo che consuntivo da sottoporre all\u2019approvazione Assembleare. Il bilancio consuntivo deve informare circa la complessiva situazione economico-finanziaria dell\u2019associazione.<\/li>\n<li>Il bilancio deve essere redatto con chiarezza e deve rappresentare in modo veritiero e corretto la situazione patrimoniale ed economico-finanziaria della associazione, nel rispetto del principio della trasparenza nei confronti degli associati.<\/li>\n<li>Insieme alla convocazione dell\u2019Assemblea ordinaria che riporta all\u2019ordine del giorno l\u2019approvazione del bilancio, deve essere messo a disposizione di tutti gli associati, copia del bilancio stesso.<\/li>\n<\/ol>\n<p><strong>&nbsp;<\/strong><\/p>\n<p><strong>Articolo 21 &#8211; Anno sociale<\/strong><\/p>\n<p>L&#8217;anno sociale e l&#8217;esercizio finanziario iniziano il 1\u00b0 gennaio e terminano il 31 dicembre di ciascun anno.<\/p>\n<p><strong>&nbsp;<\/strong><\/p>\n<p><strong>Articolo 22 &#8211; Patrimonio<\/strong><\/p>\n<p>I mezzi finanziari sono costituiti dalle quote associative determinate annualmente dal Consiglio Direttivo, dai contributi di enti ed associazioni, da lasciti e donazioni, dai proventi derivanti dalle attivit\u00e0 organizzate dall\u2019associazione.<\/p>\n<p><strong>&nbsp;<\/strong><\/p>\n<p><strong>Articolo 23 &#8211; Sezioni<\/strong><\/p>\n<p>L\u2019Assemblea, nella sessione ordinaria, potr\u00e0 costituire delle sezioni nei luoghi che riterr\u00e0 pi\u00f9 opportuni al fine di meglio raggiungere gli scopi sociali.<\/p>\n<p><strong>&nbsp;<\/strong><\/p>\n<p><strong>Articolo 24 &#8211; Clausola compromissoria<\/strong><\/p>\n<p>Tutte le controversie insorgenti tra l&#8217;associazione ed i soci e tra i soci medesimi saranno devolute all&#8217;esclusiva competenza di un collegio arbitrale costituito secondo le regole previste dal Coni.<\/p>\n<p><strong>&nbsp;<\/strong><\/p>\n<p><strong>Articolo 25 &#8211; Scioglimento<\/strong><\/p>\n<ol>\n<li>Lo scioglimento del l&#8217;associazione \u00e8 deliberato dall&#8217;Assemblea generale dei soci, convocata in seduta straordinaria e validamente costituita con la presenza di almeno 3\/4 degli associati aventi diritto di voto, con l&#8217;approvazione, sia in prima che in seconda convocazione, di almeno 3\/4 dei soci esprimenti il solo voto personale, con esclusione delle deleghe. Cos\u00ec pure la richiesta dell&#8217;Assemblea generale straordinaria da parte dei soci aventi per oggetto lo scioglimento dell&#8217;associazione deve essere presentata da almeno 3\/4 dei soci con diritto di voto, con l&#8217;esclusione delle deleghe.<\/li>\n<li>L&#8217;Assemblea, all&#8217;atto di scioglimento dell&#8217;associazione, deliberer\u00e0, in merito alla destinazione dell&#8217;eventuale residuo attivo del patrimonio dell&#8217;associazione.<\/li>\n<li>La destinazione del patrimonio residuo avverr\u00e0 a favore di altra associazione che persegua finalit\u00e0 sportive.<\/li>\n<\/ol>\n<p><strong>&nbsp;<\/strong><\/p>\n<p><strong>Articolo 26 &#8211; Norma di rinvio<\/strong><\/p>\n<p>Per quanto non espressamente previsto dal presente statuto si applicano le disposizioni dello statuto e dei regolamenti delle FSN e\/o DSA e\/o EPS a cui l\u2019associazione \u00e8 affiliata e in subordine le norme del Codice Civile.<\/p>\n","protected":false},"excerpt":{"rendered":"<p>Statuto 2016 Articolo 1 &#8211; Denominazione e sede E&#8217; costituita in Gallarate Via Ristori n 2\/a una associazione sportiva, ai sensi degli articoli 36 e seguenti del Codice Civile denominata: \u201cMoto Club Cascinetta di Gallarate associazione sportiva dilettantistica\u201d. &nbsp; Articolo &hellip; <a href=\"https:\/\/www.motoclubcascinetta.it\/?page_id=5706\">Continua a leggere<span class=\"meta-nav\">&rarr;<\/span><\/a><\/p>\n","protected":false},"author":1,"featured_media":10787,"parent":0,"menu_order":0,"comment_status":"closed","ping_status":"closed","template":"","meta":{"_eb_attr":"","ngg_post_thumbnail":0,"footnotes":""},"class_list":["post-5706","page","type-page","status-publish","has-post-thumbnail","hentry"],"_links":{"self":[{"href":"https:\/\/www.motoclubcascinetta.it\/index.php?rest_route=\/wp\/v2\/pages\/5706","targetHints":{"allow":["GET"]}}],"collection":[{"href":"https:\/\/www.motoclubcascinetta.it\/index.php?rest_route=\/wp\/v2\/pages"}],"about":[{"href":"https:\/\/www.motoclubcascinetta.it\/index.php?rest_route=\/wp\/v2\/types\/page"}],"author":[{"embeddable":true,"href":"https:\/\/www.motoclubcascinetta.it\/index.php?rest_route=\/wp\/v2\/users\/1"}],"replies":[{"embeddable":true,"href":"https:\/\/www.motoclubcascinetta.it\/index.php?rest_route=%2Fwp%2Fv2%2Fcomments&post=5706"}],"version-history":[{"count":2,"href":"https:\/\/www.motoclubcascinetta.it\/index.php?rest_route=\/wp\/v2\/pages\/5706\/revisions"}],"predecessor-version":[{"id":10788,"href":"https:\/\/www.motoclubcascinetta.it\/index.php?rest_route=\/wp\/v2\/pages\/5706\/revisions\/10788"}],"wp:featuredmedia":[{"embeddable":true,"href":"https:\/\/www.motoclubcascinetta.it\/index.php?rest_route=\/wp\/v2\/media\/10787"}],"wp:attachment":[{"href":"https:\/\/www.motoclubcascinetta.it\/index.php?rest_route=%2Fwp%2Fv2%2Fmedia&parent=5706"}],"curies":[{"name":"wp","href":"https:\/\/api.w.org\/{rel}","templated":true}]}}